{"id":2208,"date":"2022-12-06T11:04:17","date_gmt":"2022-12-06T14:04:17","guid":{"rendered":"http:\/\/sindirefeicoesrj.org.br\/?page_id=2208"},"modified":"2023-05-29T21:01:02","modified_gmt":"2023-05-30T00:01:02","slug":"banner-home_detalhe","status":"publish","type":"page","link":"http:\/\/sindirefeicoesrj.org.br\/?page_id=2208","title":{"rendered":"Banner &#8211; Home_detalhe"},"content":{"rendered":"\t\t<div data-elementor-type=\"wp-page\" data-elementor-id=\"2208\" class=\"elementor elementor-2208\" data-elementor-post-type=\"page\">\n\t\t\t\t\t\t<section class=\"elementor-section elementor-top-section elementor-element elementor-element-2e7230fc elementor-section-content-middle elementor-section-full_width elementor-reverse-mobile elementor-reverse-tablet elementor-section-height-default elementor-section-height-default\" data-id=\"2e7230fc\" data-element_type=\"section\" data-e-type=\"section\" data-settings=\"{&quot;background_background&quot;:&quot;classic&quot;}\">\n\t\t\t\t\t\t<div class=\"elementor-container elementor-column-gap-no\">\n\t\t\t\t\t<div class=\"elementor-column elementor-col-50 elementor-top-column elementor-element elementor-element-1867846c\" data-id=\"1867846c\" data-element_type=\"column\" data-e-type=\"column\">\n\t\t\t<div class=\"elementor-widget-wrap elementor-element-populated\">\n\t\t\t\t\t\t<div class=\"elementor-element elementor-element-393f119d elementor-widget elementor-widget-image\" data-id=\"393f119d\" data-element_type=\"widget\" data-e-type=\"widget\" data-widget_type=\"image.default\">\n\t\t\t\t<div class=\"elementor-widget-container\">\n\t\t\t\t\t\t\t\t\t\t\t\t\t\t\t<img fetchpriority=\"high\" decoding=\"async\" width=\"800\" height=\"534\" src=\"http:\/\/sindirefeicoesrj.org.br\/wp-content\/uploads\/2022\/10\/supermarket-worker-supplying-fruit-department-with-food-1024x683.jpg\" class=\"attachment-large size-large wp-image-851\" alt=\"\" srcset=\"http:\/\/sindirefeicoesrj.org.br\/wp-content\/uploads\/2022\/10\/supermarket-worker-supplying-fruit-department-with-food-1024x683.jpg 1024w, http:\/\/sindirefeicoesrj.org.br\/wp-content\/uploads\/2022\/10\/supermarket-worker-supplying-fruit-department-with-food-300x200.jpg 300w, http:\/\/sindirefeicoesrj.org.br\/wp-content\/uploads\/2022\/10\/supermarket-worker-supplying-fruit-department-with-food-768x512.jpg 768w, http:\/\/sindirefeicoesrj.org.br\/wp-content\/uploads\/2022\/10\/supermarket-worker-supplying-fruit-department-with-food-1536x1024.jpg 1536w, http:\/\/sindirefeicoesrj.org.br\/wp-content\/uploads\/2022\/10\/supermarket-worker-supplying-fruit-department-with-food-2048x1365.jpg 2048w\" sizes=\"(max-width: 800px) 100vw, 800px\" \/>\t\t\t\t\t\t\t\t\t\t\t\t\t\t\t<\/div>\n\t\t\t\t<\/div>\n\t\t\t\t\t<\/div>\n\t\t<\/div>\n\t\t\t\t<div class=\"elementor-column elementor-col-50 elementor-top-column elementor-element elementor-element-493feed7\" data-id=\"493feed7\" data-element_type=\"column\" data-e-type=\"column\">\n\t\t\t<div class=\"elementor-widget-wrap elementor-element-populated\">\n\t\t\t\t\t\t<div class=\"elementor-element elementor-element-341e12f4 elementor-widget elementor-widget-heading\" data-id=\"341e12f4\" data-element_type=\"widget\" data-e-type=\"widget\" data-widget_type=\"heading.default\">\n\t\t\t\t<div class=\"elementor-widget-container\">\n\t\t\t\t\t<h1 class=\"elementor-heading-title elementor-size-default\">Nossos Servi\u00e7os<\/h1>\t\t\t\t<\/div>\n\t\t\t\t<\/div>\n\t\t\t\t\t<\/div>\n\t\t<\/div>\n\t\t\t\t\t<\/div>\n\t\t<\/section>\n\t\t\t\t<section class=\"elementor-section elementor-top-section elementor-element elementor-element-76b2acde elementor-section-content-middle elementor-section-full_width elementor-section-height-default elementor-section-height-default\" data-id=\"76b2acde\" data-element_type=\"section\" data-e-type=\"section\" data-settings=\"{&quot;background_background&quot;:&quot;classic&quot;}\">\n\t\t\t\t\t\t<div class=\"elementor-container elementor-column-gap-no\">\n\t\t\t\t\t<div class=\"elementor-column elementor-col-50 elementor-top-column elementor-element elementor-element-70fc86b9\" data-id=\"70fc86b9\" data-element_type=\"column\" data-e-type=\"column\">\n\t\t\t<div class=\"elementor-widget-wrap elementor-element-populated\">\n\t\t\t\t\t\t<div class=\"elementor-element elementor-element-1e28c4d2 elementor-widget elementor-widget-heading\" data-id=\"1e28c4d2\" data-element_type=\"widget\" data-e-type=\"widget\" data-widget_type=\"heading.default\">\n\t\t\t\t<div class=\"elementor-widget-container\">\n\t\t\t\t\t<h2 class=\"elementor-heading-title elementor-size-default\">N\u00f3s cuidamos de voc\u00ea!<\/h2>\t\t\t\t<\/div>\n\t\t\t\t<\/div>\n\t\t\t\t<div class=\"elementor-element elementor-element-51706a00 elementor-widget elementor-widget-text-editor\" data-id=\"51706a00\" data-element_type=\"widget\" data-e-type=\"widget\" data-widget_type=\"text-editor.default\">\n\t\t\t\t<div class=\"elementor-widget-container\">\n\t\t\t\t\t\t\t\t\t<p>Consult\u00f3rios m\u00e9dicos e odontol\u00f3gicos ao seu alcance.<\/p>\t\t\t\t\t\t\t\t<\/div>\n\t\t\t\t<\/div>\n\t\t\t\t<div class=\"elementor-element elementor-element-971723e elementor-align-center elementor-widget elementor-widget-button\" data-id=\"971723e\" data-element_type=\"widget\" data-e-type=\"widget\" data-widget_type=\"button.default\">\n\t\t\t\t<div class=\"elementor-widget-container\">\n\t\t\t\t\t\t\t\t\t<div class=\"elementor-button-wrapper\">\n\t\t\t\t\t<a class=\"elementor-button elementor-button-link elementor-size-sm\" href=\"http:\/\/sindirefeicoesrj.org.br\/?page_id=1827\">\n\t\t\t\t\t\t<span class=\"elementor-button-content-wrapper\">\n\t\t\t\t\t\t\t\t\t<span class=\"elementor-button-text\">Saiba mais.<\/span>\n\t\t\t\t\t<\/span>\n\t\t\t\t\t<\/a>\n\t\t\t\t<\/div>\n\t\t\t\t\t\t\t\t<\/div>\n\t\t\t\t<\/div>\n\t\t\t\t\t<\/div>\n\t\t<\/div>\n\t\t\t\t<div class=\"elementor-column elementor-col-50 elementor-top-column elementor-element elementor-element-5fe2fe7\" data-id=\"5fe2fe7\" data-element_type=\"column\" data-e-type=\"column\">\n\t\t\t<div class=\"elementor-widget-wrap elementor-element-populated\">\n\t\t\t\t\t\t<div class=\"elementor-element elementor-element-3848a3d5 elementor-widget elementor-widget-image\" data-id=\"3848a3d5\" data-element_type=\"widget\" data-e-type=\"widget\" data-widget_type=\"image.default\">\n\t\t\t\t<div class=\"elementor-widget-container\">\n\t\t\t\t\t\t\t\t\t\t\t\t\t\t\t<img decoding=\"async\" src=\"http:\/\/sindirefeicoesrj.org.br\/wp-content\/uploads\/2022\/10\/close-up-view-of-young-female-doctor-writing-medical-charts-with-tablet-in-office-room-scaled.jpg\" title=\"Close-up view of young female doctor writing medical charts with tablet in office room\" alt=\"Close-up view of young female doctor writing medical charts with tablet in her office room\" loading=\"lazy\" \/>\t\t\t\t\t\t\t\t\t\t\t\t\t\t\t<\/div>\n\t\t\t\t<\/div>\n\t\t\t\t\t<\/div>\n\t\t<\/div>\n\t\t\t\t\t<\/div>\n\t\t<\/section>\n\t\t\t\t<section class=\"elementor-section elementor-top-section elementor-element elementor-element-2d7c7236 elementor-section-content-middle elementor-section-full_width elementor-reverse-mobile elementor-section-height-default elementor-section-height-default\" data-id=\"2d7c7236\" data-element_type=\"section\" data-e-type=\"section\" data-settings=\"{&quot;background_background&quot;:&quot;classic&quot;}\">\n\t\t\t\t\t\t<div class=\"elementor-container elementor-column-gap-no\">\n\t\t\t\t\t<div class=\"elementor-column elementor-col-50 elementor-top-column elementor-element elementor-element-396850a0\" data-id=\"396850a0\" data-element_type=\"column\" data-e-type=\"column\">\n\t\t\t<div class=\"elementor-widget-wrap elementor-element-populated\">\n\t\t\t\t\t\t<div class=\"elementor-element elementor-element-6fe2319 elementor-widget elementor-widget-image\" data-id=\"6fe2319\" data-element_type=\"widget\" data-e-type=\"widget\" data-widget_type=\"image.default\">\n\t\t\t\t<div class=\"elementor-widget-container\">\n\t\t\t\t\t\t\t\t\t\t\t\t\t\t\t<img decoding=\"async\" width=\"2560\" height=\"1707\" src=\"http:\/\/sindirefeicoesrj.org.br\/wp-content\/uploads\/2022\/10\/close-up-of-the-cook-s-hand-laying-out-the-meat-on-the-dough-scaled.jpg\" class=\"attachment-full size-full wp-image-1104\" alt=\"\" srcset=\"http:\/\/sindirefeicoesrj.org.br\/wp-content\/uploads\/2022\/10\/close-up-of-the-cook-s-hand-laying-out-the-meat-on-the-dough-scaled.jpg 2560w, http:\/\/sindirefeicoesrj.org.br\/wp-content\/uploads\/2022\/10\/close-up-of-the-cook-s-hand-laying-out-the-meat-on-the-dough-300x200.jpg 300w, http:\/\/sindirefeicoesrj.org.br\/wp-content\/uploads\/2022\/10\/close-up-of-the-cook-s-hand-laying-out-the-meat-on-the-dough-1024x683.jpg 1024w, http:\/\/sindirefeicoesrj.org.br\/wp-content\/uploads\/2022\/10\/close-up-of-the-cook-s-hand-laying-out-the-meat-on-the-dough-768x512.jpg 768w, http:\/\/sindirefeicoesrj.org.br\/wp-content\/uploads\/2022\/10\/close-up-of-the-cook-s-hand-laying-out-the-meat-on-the-dough-1536x1024.jpg 1536w, http:\/\/sindirefeicoesrj.org.br\/wp-content\/uploads\/2022\/10\/close-up-of-the-cook-s-hand-laying-out-the-meat-on-the-dough-2048x1365.jpg 2048w\" sizes=\"(max-width: 2560px) 100vw, 2560px\" \/>\t\t\t\t\t\t\t\t\t\t\t\t\t\t\t<\/div>\n\t\t\t\t<\/div>\n\t\t\t\t\t<\/div>\n\t\t<\/div>\n\t\t\t\t<div class=\"elementor-column elementor-col-50 elementor-top-column elementor-element elementor-element-1bd5566f\" data-id=\"1bd5566f\" data-element_type=\"column\" data-e-type=\"column\">\n\t\t\t<div class=\"elementor-widget-wrap elementor-element-populated\">\n\t\t\t\t\t\t<div class=\"elementor-element elementor-element-30baba0 elementor-widget elementor-widget-heading\" data-id=\"30baba0\" data-element_type=\"widget\" data-e-type=\"widget\" data-widget_type=\"heading.default\">\n\t\t\t\t<div class=\"elementor-widget-container\">\n\t\t\t\t\t<h2 class=\"elementor-heading-title elementor-size-default\">Banco de empregos.<\/h2>\t\t\t\t<\/div>\n\t\t\t\t<\/div>\n\t\t\t\t<div class=\"elementor-element elementor-element-5914c59f elementor-widget elementor-widget-text-editor\" data-id=\"5914c59f\" data-element_type=\"widget\" data-e-type=\"widget\" data-widget_type=\"text-editor.default\">\n\t\t\t\t<div class=\"elementor-widget-container\">\n\t\t\t\t\t\t\t\t\t<p>Receba informa\u00e7\u00f5es de Vagas de Empregos cadastradas no SindiRefei\u00e7\u00f5esRJ!<\/p>\t\t\t\t\t\t\t\t<\/div>\n\t\t\t\t<\/div>\n\t\t\t\t<div class=\"elementor-element elementor-element-6e922f3 elementor-align-center elementor-widget elementor-widget-button\" data-id=\"6e922f3\" data-element_type=\"widget\" data-e-type=\"widget\" data-widget_type=\"button.default\">\n\t\t\t\t<div class=\"elementor-widget-container\">\n\t\t\t\t\t\t\t\t\t<div class=\"elementor-button-wrapper\">\n\t\t\t\t\t<a class=\"elementor-button elementor-button-link elementor-size-sm\" href=\"http:\/\/sindirefeicoesrj.org.br\/?page_id=11\/#bancodeempregos\">\n\t\t\t\t\t\t<span class=\"elementor-button-content-wrapper\">\n\t\t\t\t\t\t\t\t\t<span class=\"elementor-button-text\">Saiba mais.<\/span>\n\t\t\t\t\t<\/span>\n\t\t\t\t\t<\/a>\n\t\t\t\t<\/div>\n\t\t\t\t\t\t\t\t<\/div>\n\t\t\t\t<\/div>\n\t\t\t\t\t<\/div>\n\t\t<\/div>\n\t\t\t\t\t<\/div>\n\t\t<\/section>\n\t\t\t\t<section class=\"elementor-section elementor-top-section elementor-element elementor-element-785e5f7e elementor-section-content-middle elementor-section-full_width elementor-section-height-default elementor-section-height-default\" data-id=\"785e5f7e\" data-element_type=\"section\" data-e-type=\"section\" data-settings=\"{&quot;background_background&quot;:&quot;classic&quot;}\">\n\t\t\t\t\t\t<div class=\"elementor-container elementor-column-gap-no\">\n\t\t\t\t\t<div class=\"elementor-column elementor-col-50 elementor-top-column elementor-element elementor-element-7d02252e\" data-id=\"7d02252e\" data-element_type=\"column\" data-e-type=\"column\">\n\t\t\t<div class=\"elementor-widget-wrap elementor-element-populated\">\n\t\t\t\t\t\t<div class=\"elementor-element elementor-element-4a545e67 elementor-widget elementor-widget-heading\" data-id=\"4a545e67\" data-element_type=\"widget\" data-e-type=\"widget\" data-widget_type=\"heading.default\">\n\t\t\t\t<div class=\"elementor-widget-container\">\n\t\t\t\t\t<h2 class=\"elementor-heading-title elementor-size-default\">Atendimento jur\u00eddico.<\/h2>\t\t\t\t<\/div>\n\t\t\t\t<\/div>\n\t\t\t\t<div class=\"elementor-element elementor-element-36de5a07 elementor-widget elementor-widget-text-editor\" data-id=\"36de5a07\" data-element_type=\"widget\" data-e-type=\"widget\" data-widget_type=\"text-editor.default\">\n\t\t\t\t<div class=\"elementor-widget-container\">\n\t\t\t\t\t\t\t\t\tFiquem atentos aos hor\u00e1rios de atendimento e endere\u00e7os do nosso Departamento Jur\u00eddico\t\t\t\t\t\t\t\t<\/div>\n\t\t\t\t<\/div>\n\t\t\t\t<div class=\"elementor-element elementor-element-967d40d elementor-align-center elementor-widget elementor-widget-button\" data-id=\"967d40d\" data-element_type=\"widget\" data-e-type=\"widget\" data-widget_type=\"button.default\">\n\t\t\t\t<div class=\"elementor-widget-container\">\n\t\t\t\t\t\t\t\t\t<div class=\"elementor-button-wrapper\">\n\t\t\t\t\t<a class=\"elementor-button elementor-button-link elementor-size-sm\" href=\"http:\/\/sindirefeicoesrj.org.br\/?page_id=1829\">\n\t\t\t\t\t\t<span class=\"elementor-button-content-wrapper\">\n\t\t\t\t\t\t\t\t\t<span class=\"elementor-button-text\">Saiba mais.<\/span>\n\t\t\t\t\t<\/span>\n\t\t\t\t\t<\/a>\n\t\t\t\t<\/div>\n\t\t\t\t\t\t\t\t<\/div>\n\t\t\t\t<\/div>\n\t\t\t\t\t<\/div>\n\t\t<\/div>\n\t\t\t\t<div class=\"elementor-column elementor-col-50 elementor-top-column elementor-element elementor-element-d859c8c\" data-id=\"d859c8c\" data-element_type=\"column\" data-e-type=\"column\">\n\t\t\t<div class=\"elementor-widget-wrap elementor-element-populated\">\n\t\t\t\t\t\t<div class=\"elementor-element elementor-element-7e0658ca elementor-widget elementor-widget-image\" data-id=\"7e0658ca\" data-element_type=\"widget\" data-e-type=\"widget\" data-widget_type=\"image.default\">\n\t\t\t\t<div class=\"elementor-widget-container\">\n\t\t\t\t\t\t\t\t\t\t\t\t\t\t\t<img decoding=\"async\" width=\"800\" height=\"533\" src=\"http:\/\/sindirefeicoesrj.org.br\/wp-content\/uploads\/2022\/10\/doctor-g92b41eb40_1920-1024x682.jpg\" class=\"attachment-large size-large wp-image-833\" alt=\"\" srcset=\"http:\/\/sindirefeicoesrj.org.br\/wp-content\/uploads\/2022\/10\/doctor-g92b41eb40_1920-1024x682.jpg 1024w, http:\/\/sindirefeicoesrj.org.br\/wp-content\/uploads\/2022\/10\/doctor-g92b41eb40_1920-300x200.jpg 300w, http:\/\/sindirefeicoesrj.org.br\/wp-content\/uploads\/2022\/10\/doctor-g92b41eb40_1920-768x511.jpg 768w, http:\/\/sindirefeicoesrj.org.br\/wp-content\/uploads\/2022\/10\/doctor-g92b41eb40_1920-1536x1022.jpg 1536w, http:\/\/sindirefeicoesrj.org.br\/wp-content\/uploads\/2022\/10\/doctor-g92b41eb40_1920.jpg 1920w\" sizes=\"(max-width: 800px) 100vw, 800px\" \/>\t\t\t\t\t\t\t\t\t\t\t\t\t\t\t<\/div>\n\t\t\t\t<\/div>\n\t\t\t\t\t<\/div>\n\t\t<\/div>\n\t\t\t\t\t<\/div>\n\t\t<\/section>\n\t\t\t\t<\/div>\n\t\t","protected":false},"excerpt":{"rendered":"<p>Nossos Servi\u00e7os N\u00f3s cuidamos de voc\u00ea! Consult\u00f3rios m\u00e9dicos e odontol\u00f3gicos ao seu alcance. Saiba mais. Banco de empregos. Receba informa\u00e7\u00f5es de Vagas de Empregos cadastradas no SindiRefei\u00e7\u00f5esRJ! Saiba mais. Atendimento jur\u00eddico. Fiquem atentos aos hor\u00e1rios de atendimento e endere\u00e7os do nosso Departamento Jur\u00eddico Saiba mais.<\/p>\n","protected":false},"author":1,"featured_media":0,"parent":0,"menu_order":0,"comment_status":"closed","ping_status":"closed","template":"elementor_header_footer","meta":{"footnotes":""},"class_list":["post-2208","page","type-page","status-publish","hentry"],"_links":{"self":[{"href":"http:\/\/sindirefeicoesrj.org.br\/index.php?rest_route=\/wp\/v2\/pages\/2208","targetHints":{"allow":["GET"]}}],"collection":[{"href":"http:\/\/sindirefeicoesrj.org.br\/index.php?rest_route=\/wp\/v2\/pages"}],"about":[{"href":"http:\/\/sindirefeicoesrj.org.br\/index.php?rest_route=\/wp\/v2\/types\/page"}],"author":[{"embeddable":true,"href":"http:\/\/sindirefeicoesrj.org.br\/index.php?rest_route=\/wp\/v2\/users\/1"}],"replies":[{"embeddable":true,"href":"http:\/\/sindirefeicoesrj.org.br\/index.php?rest_route=%2Fwp%2Fv2%2Fcomments&post=2208"}],"version-history":[{"count":34,"href":"http:\/\/sindirefeicoesrj.org.br\/index.php?rest_route=\/wp\/v2\/pages\/2208\/revisions"}],"predecessor-version":[{"id":2700,"href":"http:\/\/sindirefeicoesrj.org.br\/index.php?rest_route=\/wp\/v2\/pages\/2208\/revisions\/2700"}],"wp:attachment":[{"href":"http:\/\/sindirefeicoesrj.org.br\/index.php?rest_route=%2Fwp%2Fv2%2Fmedia&parent=2208"}],"curies":[{"name":"wp","href":"https:\/\/api.w.org\/{rel}","templated":true}]}}