{"id":3671,"date":"2025-08-15T09:06:22","date_gmt":"2025-08-15T12:06:22","guid":{"rendered":"https:\/\/sindirefeicoesrj.org.br\/?page_id=3671"},"modified":"2025-08-27T12:32:59","modified_gmt":"2025-08-27T15:32:59","slug":"edital-de-convocacao-assembleia-geral-extraordinaria","status":"publish","type":"page","link":"https:\/\/sindirefeicoesrj.org.br\/?page_id=3671","title":{"rendered":"Edital de Convoca\u00e7\u00e3o &#8211; Assembleia Geral Extraordin\u00e1ria"},"content":{"rendered":"\t\t<div data-elementor-type=\"wp-page\" data-elementor-id=\"3671\" class=\"elementor elementor-3671\" data-elementor-post-type=\"page\">\n\t\t\t\t\t\t<section class=\"elementor-section elementor-top-section elementor-element elementor-element-ab6d6bf elementor-section-boxed elementor-section-height-default elementor-section-height-default\" data-id=\"ab6d6bf\" data-element_type=\"section\" data-e-type=\"section\">\n\t\t\t\t\t\t<div class=\"elementor-container elementor-column-gap-default\">\n\t\t\t\t\t<div class=\"elementor-column elementor-col-100 elementor-top-column elementor-element elementor-element-4438ac0\" data-id=\"4438ac0\" data-element_type=\"column\" data-e-type=\"column\">\n\t\t\t<div class=\"elementor-widget-wrap elementor-element-populated\">\n\t\t\t\t\t\t<section class=\"elementor-section elementor-inner-section elementor-element elementor-element-a61e1c4 elementor-section-boxed elementor-section-height-default elementor-section-height-default\" data-id=\"a61e1c4\" data-element_type=\"section\" data-e-type=\"section\">\n\t\t\t\t\t\t<div class=\"elementor-container elementor-column-gap-default\">\n\t\t\t\t\t<div class=\"elementor-column elementor-col-100 elementor-inner-column elementor-element elementor-element-f867a23\" data-id=\"f867a23\" data-element_type=\"column\" data-e-type=\"column\">\n\t\t\t<div class=\"elementor-widget-wrap elementor-element-populated\">\n\t\t\t\t\t\t<div class=\"elementor-element elementor-element-543ce6c elementor-widget elementor-widget-text-editor\" data-id=\"543ce6c\" data-element_type=\"widget\" data-e-type=\"widget\" data-widget_type=\"text-editor.default\">\n\t\t\t\t<div class=\"elementor-widget-container\">\n\t\t\t\t\t\t\t\t\t<p><strong>SINDICATO DOS TRABALHADORES NAS EMPRESAS DE REFEI\u00c7\u00d5ES COLETIVAS, REFEI\u00c7\u00d5ES R\u00c1PIDAS (FAST FOOD) E AFINS DO ESTADO DO RIO DE JANEIRO &#8211; SINDIREFEI\u00c7\u00d5ES &#8211; RJ<\/strong><\/p><p>Edital de Convoca\u00e7\u00e3o<\/p><p><strong>Assembleia Geral Extraordin\u00e1ria<\/strong><\/p><p>Sindicato dos Trabalhadores nas Empresas de Refei\u00e7\u00f5es Coletivas, Refei\u00e7\u00f5es R\u00e1pidas (Fast Food) e Afins do Estado do Rio de Janeiro \u2013 SindiRefei\u00e7\u00f5es &#8211; RJ, CNPJ: 32.316.366\/0001-60, neste ato representado por seu presidente, Senhor Oziel Romualdo de Paula, convoca todos os trabalhadores da Categoria de Refei\u00e7\u00f5es no Estado do Rio de Janeiro para Assembleia Geral Extraordin\u00e1ria, a realizar-se no dia 02 de setembro de 2025, em primeira convoca\u00e7\u00e3o \u00e0s 09h00min (nove horas), na Rua Carlos Chamberland, n\u00ba 256, Vila da Penha, Rio de Janeiro-RJ, com a presen\u00e7a de metade mais um dos trabalhadores e \u00e0s 09h30min (nove horas e trinta minutos) em segunda e \u00faltima convoca\u00e7\u00e3o, com qualquer n\u00famero de participantes, para discutirem e deliberarem sobre os seguintes pontos da Ordem do Dia:<\/p><p>a) Baixa da filial inscrita no CNPJ: 32.316.366\/0009-18, registada no endere\u00e7o: Av. das Am\u00e9ricas 1155, sala 1805, Barra da Tijuca. Rio de Janeiro;<\/p><p>b) Baixa da filial inscrita no CNPJ: 32.316.366\/0010-51, registada no endere\u00e7o: Av. das Am\u00e9ricas 1155, salas 1806 e 1807, Barra da Tijuca, Rio de Janeiro.<br \/><br \/><\/p><p><strong>27 de Agosto de 2025.<\/strong> <strong>OZIEL ROMUALDO DE PAULA &#8211; PRESIDENTE<\/strong>.<\/p>\t\t\t\t\t\t\t\t<\/div>\n\t\t\t\t<\/div>\n\t\t\t\t\t<\/div>\n\t\t<\/div>\n\t\t\t\t\t<\/div>\n\t\t<\/section>\n\t\t\t\t\t<\/div>\n\t\t<\/div>\n\t\t\t\t\t<\/div>\n\t\t<\/section>\n\t\t\t\t<\/div>\n\t\t","protected":false},"excerpt":{"rendered":"<p>SINDICATO DOS TRABALHADORES NAS EMPRESAS DE REFEI\u00c7\u00d5ES COLETIVAS, REFEI\u00c7\u00d5ES R\u00c1PIDAS (FAST FOOD) E AFINS DO ESTADO DO RIO DE JANEIRO &#8211; SINDIREFEI\u00c7\u00d5ES &#8211; RJ Edital de Convoca\u00e7\u00e3o Assembleia Geral Extraordin\u00e1ria Sindicato dos Trabalhadores nas Empresas de Refei\u00e7\u00f5es Coletivas, Refei\u00e7\u00f5es R\u00e1pidas (Fast Food) e Afins do Estado do Rio de Janeiro \u2013 SindiRefei\u00e7\u00f5es &#8211; RJ, CNPJ: [&hellip;]<\/p>\n","protected":false},"author":1,"featured_media":0,"parent":0,"menu_order":0,"comment_status":"closed","ping_status":"closed","template":"elementor_header_footer","meta":{"footnotes":""},"class_list":["post-3671","page","type-page","status-publish","hentry"],"_links":{"self":[{"href":"https:\/\/sindirefeicoesrj.org.br\/index.php?rest_route=\/wp\/v2\/pages\/3671","targetHints":{"allow":["GET"]}}],"collection":[{"href":"https:\/\/sindirefeicoesrj.org.br\/index.php?rest_route=\/wp\/v2\/pages"}],"about":[{"href":"https:\/\/sindirefeicoesrj.org.br\/index.php?rest_route=\/wp\/v2\/types\/page"}],"author":[{"embeddable":true,"href":"https:\/\/sindirefeicoesrj.org.br\/index.php?rest_route=\/wp\/v2\/users\/1"}],"replies":[{"embeddable":true,"href":"https:\/\/sindirefeicoesrj.org.br\/index.php?rest_route=%2Fwp%2Fv2%2Fcomments&post=3671"}],"version-history":[{"count":16,"href":"https:\/\/sindirefeicoesrj.org.br\/index.php?rest_route=\/wp\/v2\/pages\/3671\/revisions"}],"predecessor-version":[{"id":3693,"href":"https:\/\/sindirefeicoesrj.org.br\/index.php?rest_route=\/wp\/v2\/pages\/3671\/revisions\/3693"}],"wp:attachment":[{"href":"https:\/\/sindirefeicoesrj.org.br\/index.php?rest_route=%2Fwp%2Fv2%2Fmedia&parent=3671"}],"curies":[{"name":"wp","href":"https:\/\/api.w.org\/{rel}","templated":true}]}}